{"id":2030,"date":"2015-11-10T20:21:23","date_gmt":"2015-11-11T01:21:23","guid":{"rendered":"https:\/\/tokyomotorimports.com\/fr\/?page_id=2030"},"modified":"2016-02-12T11:19:43","modified_gmt":"2016-02-12T16:19:43","slug":"livraison","status":"publish","type":"page","link":"https:\/\/tokyomotorimports.com\/fr\/livraison\/","title":{"rendered":"Livraison"},"content":{"rendered":"<section class=\"wpb-content-wrapper\"><p>[vc_row css=\u00a0\u00bb.vc_custom_1410984521013{margin-bottom: 0px !important;}\u00a0\u00bb el_class=\u00a0\u00bbmargin-bottom-none padding-bottom-40&Prime;][vc_column]<ul class='shortcode type-arrows '><li><span class=\"red_box custom_icon\"><i class='fa fa-chevron-right '><\/i><\/span>Tous les produits sont envoy\u00e9s 24 \u00e0 48h apr\u00e8s la r\u00e9ception du paiement.<\/li><li><span class=\"red_box custom_icon\"><i class='fa fa-chevron-right '><\/i><\/span>Pour les frais de livraison vous devez nous contacter.<\/li><li><span class=\"red_box custom_icon\"><i class='fa fa-chevron-right '><\/i><\/span>Nos prix sur le site Internet n&rsquo;inclus pas les frais de livraison et manutention.<\/li><li><span class=\"red_box custom_icon\"><i class='fa fa-chevron-right '><\/i><\/span>Nous livrons nos produits \u00e0 la demande du client partout au Canada et aux USA.<\/li><li><span class=\"red_box custom_icon\"><i class='fa fa-chevron-right '><\/i><\/span>Le client est responsable pour les frais de port et de manutention.<\/li><li><span class=\"red_box custom_icon\"><i class='fa fa-chevron-right '><\/i><\/span>Nous exp\u00e9dions nos produits par FedEx Freight Transport..<\/li><li><span class=\"red_box custom_icon\"><i class='fa fa-chevron-right '><\/i><\/span>Le co\u00fbt de l&rsquo;exp\u00e9dition varie d\u00e9pendent du poids et de l&#8217;emplacement.<\/li><li><span class=\"red_box custom_icon\"><i class='fa fa-chevron-right '><\/i><\/span>Nous allons vous obtenir le meilleur prix pour le transport.<\/li><li><span class=\"red_box custom_icon\"><i class='fa fa-chevron-right '><\/i><\/span>Si vous avez votre propre moyen de transport, vous pouvez l&rsquo;utiliser.<\/li><li><span class=\"red_box custom_icon\"><i class='fa fa-chevron-right '><\/i><\/span>Tous les articles envoy\u00e9s comporte un num\u00e9ro de suivi qui permet \u00e0 nos clients de v\u00e9rifier le statut de leurs exp\u00e9ditions.<\/li><\/ul>[vc_empty_space height=\u00a0\u00bb25px\u00a0\u00bb][vc_column_text el_class=\u00a0\u00bbpadding-bottom-40 \u00ab\u00a0]<strong><span style=\"text-decoration: underline; color: #c7081b;\">AVIS IMPORTANT \u00c0 TOUS LES ACHETEURS DES \u00c9TATS-UNIS:<\/span><\/strong><\/p>\n<p>Quand un individu ou une entreprise ach\u00e8te des biens aupr\u00e8s d&rsquo;un fournisseur outre-mer, le CBP (custom and border protection) il est consid\u00e9r\u00e9 l&rsquo;importateur final. L&rsquo;importateur final peut d\u00e9douaner les marchandises ou avoir un courtier pour d\u00e9douaner en leur nom. Nous offrons le service de d\u00e9douanage gratuitement, mais il est n\u00e9cessaire d&rsquo;avoir plus d&rsquo;informations sur nos clients comme le SSN (num\u00e9ro de s\u00e9curit\u00e9 sociale) ou si l&rsquo;exp\u00e9dition est achet\u00e9 sous le nom d&rsquo;une entreprise, nous avons besoin d&rsquo;IRS ou du num\u00e9ro d&rsquo;identification fiscale de l&rsquo;entreprise (Tax ID).<\/p>\n<p><strong>NOUS EXP\u00c9DITIONS PARTOUT AU CANADA ET AU \u00c9TATS-UNIS.<\/strong> <strong>POUR LA LIVRAISON R\u00c9SIDENTIELLE ET LE SERVICE DE HAYON IL Y A UN FRAIS SUPPL\u00c9MENTAIRE DE 90$.<\/strong><\/p>\n<p><strong>Pour plus d&rsquo;information, vous pouvez nous contacter au: 1 866.322.5558<\/strong>[\/vc_column_text][\/vc_column][\/vc_row]<\/p>\n<\/section>","protected":false},"excerpt":{"rendered":"<p>[vc_row css=\u00a0\u00bb.vc_custom_1410984521013{margin-bottom: 0px !important;}\u00a0\u00bb el_class=\u00a0\u00bbmargin-bottom-none padding-bottom-40&Prime;][vc_column][vc_empty_space height=\u00a0\u00bb25px\u00a0\u00bb][vc_column_text el_class=\u00a0\u00bbpadding-bottom-40 \u00ab\u00a0]<strong>AVIS IMPORTANT \u00c0 TOUS LES ACHETEURS DES \u00c9TATS-UNIS:<\/strong><\/p>\n<p>Quand un individu ou une entreprise ach\u00e8te des biens aupr\u00e8s d&rsquo;un fournisseur outre-mer, le CBP (custom and border protection) il est consid\u00e9r\u00e9 l&rsquo;importateur final. L&rsquo;importateur final peut d\u00e9douaner les marchandises ou avoir un courtier pour d\u00e9douaner en leur nom. Nous offrons le service de d\u00e9douanage gratuitement, mais il est n\u00e9cessaire d&rsquo;avoir plus d&rsquo;informations sur nos clients comme le SSN (num\u00e9ro de s\u00e9curit\u00e9 sociale) ou si l&rsquo;exp\u00e9dition est achet\u00e9 sous le nom d&rsquo;une entreprise, nous avons besoin d&rsquo;IRS ou du num\u00e9ro d&rsquo;identification fiscale de l&rsquo;entreprise (Tax ID).<\/p>\n<p><strong>NOUS EXP\u00c9DITIONS PARTOUT AU CANADA ET AU \u00c9TATS-UNIS.<\/strong> <strong>POUR LA LIVRAISON R\u00c9SIDENTIELLE ET LE SERVICE DE HAYON IL Y A UN FRAIS SUPPL\u00c9MENTAIRE DE 90$.<\/strong><\/p>\n<p><strong>Pour plus d&rsquo;information, vous pouvez nous contacter au: 1 866.322.5558<\/strong>[\/vc_column_text][\/vc_column][\/vc_row]<\/p>\n","protected":false},"author":7,"featured_media":0,"parent":0,"menu_order":0,"comment_status":"closed","ping_status":"closed","template":"","meta":{"footnotes":""},"_links":{"self":[{"href":"https:\/\/tokyomotorimports.com\/fr\/wp-json\/wp\/v2\/pages\/2030"}],"collection":[{"href":"https:\/\/tokyomotorimports.com\/fr\/wp-json\/wp\/v2\/pages"}],"about":[{"href":"https:\/\/tokyomotorimports.com\/fr\/wp-json\/wp\/v2\/types\/page"}],"author":[{"embeddable":true,"href":"https:\/\/tokyomotorimports.com\/fr\/wp-json\/wp\/v2\/users\/7"}],"replies":[{"embeddable":true,"href":"https:\/\/tokyomotorimports.com\/fr\/wp-json\/wp\/v2\/comments?post=2030"}],"version-history":[{"count":0,"href":"https:\/\/tokyomotorimports.com\/fr\/wp-json\/wp\/v2\/pages\/2030\/revisions"}],"wp:attachment":[{"href":"https:\/\/tokyomotorimports.com\/fr\/wp-json\/wp\/v2\/media?parent=2030"}],"curies":[{"name":"wp","href":"https:\/\/api.w.org\/{rel}","templated":true}]}}