{"id":2038,"date":"2015-11-10T23:10:14","date_gmt":"2015-11-11T04:10:14","guid":{"rendered":"https:\/\/tokyomotorimports.com\/fr\/?page_id=2038"},"modified":"2016-02-12T10:52:14","modified_gmt":"2016-02-12T15:52:14","slug":"faq","status":"publish","type":"page","link":"https:\/\/tokyomotorimports.com\/fr\/faq\/","title":{"rendered":"FAQ"},"content":{"rendered":"<section class=\"wpb-content-wrapper\"><p>[vc_row][vc_column]<div class=\"list_faq clearfix \"><h5>Filtre FAQ par:<\/h5><ul><li><a href='#All' data-action='sort'>Tout<\/a><\/li><li><a href='#Moteurs' data-action='sort'>Moteurs<\/a><\/li><li><a href='#Livraison' data-action='sort'>Livraison<\/a><\/li><\/ul><\/div><div class=\"accordion_panel margin-top-30\"><div class=\"panel-group description-accordion faq-sort faq margin-bottom-none\" id=\"accordion\"> <!--description--><div class=\"panel panel-default padding-top-20 padding-bottom-15\" data-categories=\"Moteurs,\" itemscope itemtype=\"http:\/\/schema.org\/Question\"><div class=\"panel-heading padding-vertical-10 padding-horizontal-15\"><h4 class=\"panel-title padding-left-30\"> <a data-toggle=\"collapse\" data-parent=\"#accordion\" href=\"#collapse_tqaujEykWj\" class=\"collapsed\"><span itemprop=\"text\">1. Comment acheter un moteur sur l&#039;Internet? Est-ce que c&#039;est s\u00fbr?<\/span><\/a> <\/h4><\/div><div id=\"collapse_tqaujEykWj\" class=\"panel-collapse collapse\" style=\"height: 0px;\"><div class=\"panel-body\"> <!--Panel_body--><div class=\"faq_post padding-left-40\"><div class=\"post-entry clearfix margin-top-10\"itemprop=\"suggestedAnswer acceptedAnswer\" itemscope itemtype=\"http:\/\/schema.org\/Answer\"><div itemprop=\"text\">Bien que nous utilisons l&rsquo;Internet pour vous aider \u00e0 visualiser nos moteurs, nous ne traitons pas les paiements par le biais de notre site Web pour votre s\u00e9curit\u00e9. Cependant, nos clients sont toujours encourag\u00e9s \u00e0 nous appeler et demander des informations compl\u00e9mentaires avant de proc\u00e9der \u00e0 tout achat, vous pouvez nous appeler au num\u00e9ro sans frais 1-866-322-5558 et un de nos agents se fera un plaisir de traiter votre commande.<\/div><\/div><\/div><!--Panel_body--> <\/div><\/div><\/div><!--description--> <!--description--><div class=\"panel panel-default padding-top-20 padding-bottom-15\" data-categories=\"Moteurs,\" itemscope itemtype=\"http:\/\/schema.org\/Question\"><div class=\"panel-heading padding-vertical-10 padding-horizontal-15\"><h4 class=\"panel-title padding-left-30\"> <a data-toggle=\"collapse\" data-parent=\"#accordion\" href=\"#collapse_zuUCeQPYkK\" class=\"collapsed\"><span itemprop=\"text\">2. Combien de kilom\u00e8tres vos moteurs ont-ils?<\/span><\/a> <\/h4><\/div><div id=\"collapse_zuUCeQPYkK\" class=\"panel-collapse collapse\" style=\"height: 0px;\"><div class=\"panel-body\"> <!--Panel_body--><div class=\"faq_post padding-left-40\"><div class=\"post-entry clearfix margin-top-10\"itemprop=\"suggestedAnswer acceptedAnswer\" itemscope itemtype=\"http:\/\/schema.org\/Answer\"><div itemprop=\"text\">Bien qu&rsquo;il soit difficile de dire le kilom\u00e9trage sur chaque moteur, une bonne estimation serait 10.000 \u00e0 30.000 miles.<\/div><\/div><\/div><!--Panel_body--> <\/div><\/div><\/div><!--description--> <!--description--><div class=\"panel panel-default padding-top-20 padding-bottom-15\" data-categories=\"Moteurs,\" itemscope itemtype=\"http:\/\/schema.org\/Question\"><div class=\"panel-heading padding-vertical-10 padding-horizontal-15\"><h4 class=\"panel-title padding-left-30\"> <a data-toggle=\"collapse\" data-parent=\"#accordion\" href=\"#collapse_ZwBlLpwFqH\" class=\"collapsed\"><span itemprop=\"text\">3. Comment puis-je passer une commande pour un moteur ou tout autre produit?<\/span><\/a> <\/h4><\/div><div id=\"collapse_ZwBlLpwFqH\" class=\"panel-collapse collapse\" style=\"height: 0px;\"><div class=\"panel-body\"> <!--Panel_body--><div class=\"faq_post padding-left-40\"><div class=\"post-entry clearfix margin-top-10\"itemprop=\"suggestedAnswer acceptedAnswer\" itemscope itemtype=\"http:\/\/schema.org\/Answer\"><div itemprop=\"text\">Vous pouvez appeler au num\u00e9ro local 514-322-5558 ou \u00e0 notre num\u00e9ro sans frais 1-866-322-5558, et parler \u00e0 un de nos agents, nous allons vous guider \u00e0 travers le processus et nous r\u00e9pondons \u00e0 toutes vos questions, ou vous pouvez nous envoyer un courriel \u00e0 info@tokyomotorimports.com.<\/div><\/div><\/div><!--Panel_body--> <\/div><\/div><\/div><!--description--> <!--description--><div class=\"panel panel-default padding-top-20 padding-bottom-15\" data-categories=\"Livraison,\" itemscope itemtype=\"http:\/\/schema.org\/Question\"><div class=\"panel-heading padding-vertical-10 padding-horizontal-15\"><h4 class=\"panel-title padding-left-30\"> <a data-toggle=\"collapse\" data-parent=\"#accordion\" href=\"#collapse_QoFBmIUDUY\" class=\"collapsed\"><span itemprop=\"text\">4. Combien de temps prend la livraison?<\/span><\/a> <\/h4><\/div><div id=\"collapse_QoFBmIUDUY\" class=\"panel-collapse collapse\" style=\"height: 0px;\"><div class=\"panel-body\"> <!--Panel_body--><div class=\"faq_post padding-left-40\"><div class=\"post-entry clearfix margin-top-10\"itemprop=\"suggestedAnswer acceptedAnswer\" itemscope itemtype=\"http:\/\/schema.org\/Answer\"><div itemprop=\"text\">L&rsquo;exp\u00e9dition prend 3 \u00e0 7 jours ouvrables pour arriver \u00e0 destination.\u00a0Pour plus d&rsquo;informations, s&rsquo;il vous pla\u00eet nous appeler.\n<p>Nous vous recommandons fortement de faire livrer votre moteur \u00e0 votre magasin ou au garage ou votre moteur sera install\u00e9, car ils sont tr\u00e8s lourds \u00e0 d\u00e9placer sans l&rsquo;aide d&rsquo;un lift ou d&rsquo;une grue de levage. Cela vous fera aussi sauver des frais de livraison.<\/p><\/div><\/div><\/div><!--Panel_body--> <\/div><\/div><\/div><!--description--> <!--description--><div class=\"panel panel-default padding-top-20 padding-bottom-15\" data-categories=\"Livraison,\" itemscope itemtype=\"http:\/\/schema.org\/Question\"><div class=\"panel-heading padding-vertical-10 padding-horizontal-15\"><h4 class=\"panel-title padding-left-30\"> <a data-toggle=\"collapse\" data-parent=\"#accordion\" href=\"#collapse_eUutqNpBqS\" class=\"collapsed\"><span itemprop=\"text\">5. Est-ce que les prix incluent l&#039;exp\u00e9dition?<\/span><\/a> <\/h4><\/div><div id=\"collapse_eUutqNpBqS\" class=\"panel-collapse collapse\" style=\"height: 0px;\"><div class=\"panel-body\"> <!--Panel_body--><div class=\"faq_post padding-left-40\"><div class=\"post-entry clearfix margin-top-10\"itemprop=\"suggestedAnswer acceptedAnswer\" itemscope itemtype=\"http:\/\/schema.org\/Answer\"><div itemprop=\"text\">Non. Tous les prix sont hors frais de port. Pour les prix d&rsquo;exp\u00e9dition nous appeler au 1-866-322-5558 et un de nos agents sera heureux de vous fournir les prix d&rsquo;exp\u00e9dition.<\/div><\/div><\/div><!--Panel_body--> <\/div><\/div><\/div><!--description--> <!--description--><div class=\"panel panel-default padding-top-20 padding-bottom-15\" data-categories=\"Moteurs,\" itemscope itemtype=\"http:\/\/schema.org\/Question\"><div class=\"panel-heading padding-vertical-10 padding-horizontal-15\"><h4 class=\"panel-title padding-left-30\"> <a data-toggle=\"collapse\" data-parent=\"#accordion\" href=\"#collapse_mvTaexAgGb\" class=\"collapsed\"><span itemprop=\"text\">6. Comment ce fait-il que la plupart des moteurs JDM ont un faible kilom\u00e9trage m\u00eame si certains sont vieux de 8-9 ans?<\/span><\/a> <\/h4><\/div><div id=\"collapse_mvTaexAgGb\" class=\"panel-collapse collapse\" style=\"height: 0px;\"><div class=\"panel-body\"> <!--Panel_body--><div class=\"faq_post padding-left-40\"><div class=\"post-entry clearfix margin-top-10\"itemprop=\"suggestedAnswer acceptedAnswer\" itemscope itemtype=\"http:\/\/schema.org\/Answer\"><div itemprop=\"text\">La raison en est que le Japon a l&rsquo;un des syst\u00e8mes d&rsquo;inspection de voiture les plus rigoureux et co\u00fbteux dans le monde, dont le co\u00fbt varie souvent de 1000 $ \u00e0 2000 $. Bien que les nouvelles voitures sont exempt\u00e9s de l&rsquo;obligation, une fois qu&rsquo;une automobile atteint son troisi\u00e8me anniversaire, il doit subir cette inspection tous les deux ans. Lorsqu&rsquo;une voiture est vieille de 10 ans ou plus, l&rsquo;inspection doit \u00eatre effectu\u00e9e chaque ann\u00e9e. \u00c0 ce stade, la plupart des Japonais en raison du co\u00fbt des inspections d\u00e9cident de vendre leur voiture et d&rsquo;en acheter une nouvelle. Cette pratique a \u00e9t\u00e9 utilis\u00e9e pour stimuler les ventes de voitures au Japon et \u00e0 donner aux constructeurs automobiles comme Honda, Nissan, Mitsubishi, Subaru et Toyota, un avantages pour rivaliser sur le march\u00e9 international.<\/div><\/div><\/div><!--Panel_body--> <\/div><\/div><\/div><!--description--> <\/div><\/div>[vc_row_inner][vc_column_inner][vc_empty_space height=\u00a0\u00bb20&Prime;][vc_column_text]<strong>Pour plus d&rsquo;information veuillez nous contacter au 1-866-322-5558 ou nous transmettre un courriel au\u00a0<a href=\"mailto:info@tokyomotorimports.com\">info@tokyomotorimports.com<\/a><\/strong>[\/vc_column_text][\/vc_column_inner][\/vc_row_inner][\/vc_column][\/vc_row]<\/p>\n<\/section>","protected":false},"excerpt":{"rendered":"<p>[vc_row][vc_column][vc_row_inner][vc_column_inner][vc_empty_space height=\u00a0\u00bb20&Prime;][vc_column_text]<strong>Pour plus d&rsquo;information veuillez nous contacter au 1-866-322-5558 ou nous transmettre un courriel au\u00a0info@tokyomotorimports.com<\/strong>[\/vc_column_text][\/vc_column_inner][\/vc_row_inner][\/vc_column][\/vc_row]<\/p>\n","protected":false},"author":7,"featured_media":0,"parent":0,"menu_order":0,"comment_status":"closed","ping_status":"closed","template":"","meta":{"footnotes":""},"_links":{"self":[{"href":"https:\/\/tokyomotorimports.com\/fr\/wp-json\/wp\/v2\/pages\/2038"}],"collection":[{"href":"https:\/\/tokyomotorimports.com\/fr\/wp-json\/wp\/v2\/pages"}],"about":[{"href":"https:\/\/tokyomotorimports.com\/fr\/wp-json\/wp\/v2\/types\/page"}],"author":[{"embeddable":true,"href":"https:\/\/tokyomotorimports.com\/fr\/wp-json\/wp\/v2\/users\/7"}],"replies":[{"embeddable":true,"href":"https:\/\/tokyomotorimports.com\/fr\/wp-json\/wp\/v2\/comments?post=2038"}],"version-history":[{"count":0,"href":"https:\/\/tokyomotorimports.com\/fr\/wp-json\/wp\/v2\/pages\/2038\/revisions"}],"wp:attachment":[{"href":"https:\/\/tokyomotorimports.com\/fr\/wp-json\/wp\/v2\/media?parent=2038"}],"curies":[{"name":"wp","href":"https:\/\/api.w.org\/{rel}","templated":true}]}}