{"id":4748,"date":"2019-03-10T12:32:39","date_gmt":"2019-03-10T16:32:39","guid":{"rendered":"https:\/\/tokyomotorimports.com\/?page_id=4748"},"modified":"2023-08-17T10:37:27","modified_gmt":"2023-08-17T14:37:27","slug":"politique-de-confidentialite","status":"publish","type":"page","link":"https:\/\/tokyomotorimports.com\/fr\/politique-de-confidentialite\/","title":{"rendered":"Politique de confidentialit\u00e9"},"content":{"rendered":"<section class=\"wpb-content-wrapper\"><p>[vc_row][vc_column][vc_column_text]Nous nous engageons \u00e0 communiquer avec vous de mani\u00e8re professionnelle et \u00e0 prot\u00e9ger vos informations confidentielles. Nous utilisons les informations que vous fournissez (par exemple: votre nom, adresse, num\u00e9ro de t\u00e9l\u00e9phone, courriel, accord pour recevoir notre infolettre, des offres de services, etc.) pour vous contacter et pour vous partager des informations sur nos produits. Nous ne partagerons pas vos informations avec des tiers hors de notre organisation, sauf si n\u00e9cessaire pour r\u00e9pondre \u00e0 votre demande. Notre entreprise ne vend pas, ne traite pas ou ne loue pas vos informations personnelles \u00e0 d\u2019autres personnes.<\/p>\n<p>Sauf si vous refusez par \u00e9crit, nous vous transmettrons des informations sur notre soci\u00e9t\u00e9 ou nos services. Si vous vous abonnez \u00e0 notre infolettre, vous pouvez vous d\u00e9sabonner \u00e0 tout moment, soit en utilisant le lien de d\u00e9sinscription dans les courriels d\u2019infolettre, soit en nous contactant via l\u2019adresse \u00e9lectronique indiqu\u00e9e sur notre site.<\/p>\n<p>Veuillez nous contacter pour corriger ou mettre \u00e0 jour vos informations \u00e0 tout moment.<\/p>\n<p><strong>Connexion et cookies<\/strong><\/p>\n<p>Lorsque vous parcourez notre site Web, les informations suivantes concernant votre visite sont collect\u00e9es et stock\u00e9es: l\u2019adresse du protocole Internet (IP) de l\u2019ordinateur (un num\u00e9ro automatiquement attribu\u00e9 \u00e0 votre ordinateur lorsque vous acc\u00e9dez \u00e0 Internet); Le domaine \u00e0 partir duquel vous acc\u00e9dez \u00e0 Internet (par exemple: google.com), l\u2019adresse du site Web \u00e0 partir du quel vous \u00eates venu sur notre site (par exemple: www.google.com, si vous acc\u00e9dez \u00e0 notre site Internet en cliquant sur un lien dans le moteur de recherche Google); La date et l\u2019heure o\u00f9 vous \u00eates arriv\u00e9 et combien de temps avez-vous pass\u00e9 sur notre site; Le nom et la version du syst\u00e8me d\u2019exploitation et du navigateur de votre ordinateur Exemple: Windows 7 \/ Internet Explorer 8.0; Les pages que vous avez visit\u00e9es.<\/p>\n<p>Nous utilisons \u00e9galement des \u00abcookies\u00bb sur notre site. Un cookie est une donn\u00e9e stock\u00e9e dans le navigateur du visiteur pour nous aider \u00e0 d\u00e9terminer l\u2019utilisation de notre site et les sources du trafic, d\u2019am\u00e9liorer l\u2019acc\u00e8s \u00e0 notre site et d\u2019identifier les visiteurs r\u00e9currents.<\/p>\n<p><strong>Les liens<br \/>\n<\/strong><\/p>\n<p>Notre site Internet peut contenir des liens vers d\u2019autres sites. Soyez conscient que nous ne sommes pas responsables du contenu ou des pratiques de confidentialit\u00e9 de ces autres sites.<\/p>\n<p><strong>Microsoft Clarity<\/strong><\/p>\n<p>Nous am\u00e9liorons nos produits et nos publicit\u00e9s en utilisant Microsoft Clarity pour voir comment vous utilisez notre site Web. En utilisant notre site, vous acceptez que nous et Microsoft puissions collecter et utiliser ces donn\u00e9es.<\/p>\n<p>Nous travaillons en partenariat avec Microsoft Clarity et Microsoft Advertising pour capturer la fa\u00e7on dont vous utilisez et interagissez avec notre site Web par le biais de mesures comportementales, de cartes thermiques et de relecture de session afin d\u2019am\u00e9liorer et de commercialiser nos produits\/services. Les donn\u00e9es d\u2019utilisation du site Web sont captur\u00e9es \u00e0 l\u2019aide de cookies propri\u00e9taires et tiers et d\u2019autres technologies de suivi pour d\u00e9terminer la popularit\u00e9 des produits\/services et l\u2019activit\u00e9 en ligne. De plus, nous utilisons ces informations \u00e0 des fins d\u2019optimisation du site, de fraude\/s\u00e9curit\u00e9 et de publicit\u00e9. Pour plus d\u2019informations sur la mani\u00e8re dont Microsoft collecte et utilise vos donn\u00e9es, consultez l\u2019<a href=\"https:\/\/privacy.microsoft.com\/fr-CA\/privacystatement\" target=\"_blank\" rel=\"noopener nofollow\" data-linktype=\"external\">\u00c9nonc\u00e9 de confidentialit\u00e9 Microsoft<\/a>[\/vc_column_text][\/vc_column][\/vc_row]<\/p>\n<\/section>","protected":false},"excerpt":{"rendered":"<p>[vc_row][vc_column][vc_column_text]Nous nous engageons \u00e0 communiquer avec vous de mani\u00e8re professionnelle et \u00e0 prot\u00e9ger vos informations confidentielles. Nous utilisons les informations que vous fournissez (par exemple: votre nom, adresse, num\u00e9ro de t\u00e9l\u00e9phone, courriel, accord pour recevoir notre infolettre, des offres de services, etc.) pour vous contacter et pour vous partager des informations sur nos produits. Nous ne partagerons pas vos informations avec des tiers hors de notre organisation, sauf si n\u00e9cessaire pour r\u00e9pondre \u00e0 votre demande. Notre entreprise ne vend pas, ne traite pas ou ne loue pas vos informations personnelles \u00e0 d\u2019autres personnes.<\/p>\n<p>Sauf si vous refusez par \u00e9crit, nous vous transmettrons des informations sur notre soci\u00e9t\u00e9 ou nos services. Si vous vous abonnez \u00e0 notre infolettre, vous pouvez vous d\u00e9sabonner \u00e0 tout moment, soit en utilisant le lien de d\u00e9sinscription dans les courriels d\u2019infolettre, soit en nous contactant via l\u2019adresse \u00e9lectronique indiqu\u00e9e sur notre site.<\/p>\n<p>Veuillez nous contacter pour corriger ou mettre \u00e0 jour [&#8230;]<\/p>\n","protected":false},"author":7,"featured_media":0,"parent":0,"menu_order":0,"comment_status":"closed","ping_status":"closed","template":"","meta":{"footnotes":""},"_links":{"self":[{"href":"https:\/\/tokyomotorimports.com\/fr\/wp-json\/wp\/v2\/pages\/4748"}],"collection":[{"href":"https:\/\/tokyomotorimports.com\/fr\/wp-json\/wp\/v2\/pages"}],"about":[{"href":"https:\/\/tokyomotorimports.com\/fr\/wp-json\/wp\/v2\/types\/page"}],"author":[{"embeddable":true,"href":"https:\/\/tokyomotorimports.com\/fr\/wp-json\/wp\/v2\/users\/7"}],"replies":[{"embeddable":true,"href":"https:\/\/tokyomotorimports.com\/fr\/wp-json\/wp\/v2\/comments?post=4748"}],"version-history":[{"count":3,"href":"https:\/\/tokyomotorimports.com\/fr\/wp-json\/wp\/v2\/pages\/4748\/revisions"}],"predecessor-version":[{"id":5375,"href":"https:\/\/tokyomotorimports.com\/fr\/wp-json\/wp\/v2\/pages\/4748\/revisions\/5375"}],"wp:attachment":[{"href":"https:\/\/tokyomotorimports.com\/fr\/wp-json\/wp\/v2\/media?parent=4748"}],"curies":[{"name":"wp","href":"https:\/\/api.w.org\/{rel}","templated":true}]}}